{"id":9530,"date":"2018-11-22T20:38:26","date_gmt":"2018-11-22T18:38:26","guid":{"rendered":"https:\/\/www.pyhtaanvuokramokit.fi\/?page_id=9530"},"modified":"2020-03-25T10:57:55","modified_gmt":"2020-03-25T08:57:55","slug":"contakt","status":"publish","type":"page","link":"https:\/\/www.pyhtaanvuokramokit.fi\/en\/contakt\/","title":{"rendered":"contakt"},"content":{"rendered":"<p><img loading=\"lazy\" decoding=\"async\" data-attachment-id=\"9439\" data-permalink=\"https:\/\/www.pyhtaanvuokramokit.fi\/en\/yhteystiedot\/yht3\/\" data-orig-file=\"https:\/\/www.pyhtaanvuokramokit.fi\/wp-content\/uploads\/2018\/10\/yht3-e1585126662831.jpg\" data-orig-size=\"1625,512\" data-comments-opened=\"0\" data-image-meta=\"{&quot;aperture&quot;:&quot;9&quot;,&quot;credit&quot;:&quot;&quot;,&quot;camera&quot;:&quot;NIKON D5300&quot;,&quot;caption&quot;:&quot;&quot;,&quot;created_timestamp&quot;:&quot;1471767053&quot;,&quot;copyright&quot;:&quot;&quot;,&quot;focal_length&quot;:&quot;29&quot;,&quot;iso&quot;:&quot;400&quot;,&quot;shutter_speed&quot;:&quot;0.005&quot;,&quot;title&quot;:&quot;&quot;,&quot;orientation&quot;:&quot;1&quot;}\" data-image-title=\"KYLTTI\" data-image-description=\"\" data-image-caption=\"\" data-medium-file=\"https:\/\/www.pyhtaanvuokramokit.fi\/wp-content\/uploads\/2018\/10\/yht3-e1585126662831-300x95.jpg\" data-large-file=\"https:\/\/www.pyhtaanvuokramokit.fi\/wp-content\/uploads\/2018\/10\/yht3-e1585126662831-1024x323.jpg\" class=\"alignnone wp-image-9439 size-full\" src=\"https:\/\/www.pyhtaanvuokramokit.fi\/wp-content\/uploads\/2018\/10\/yht3-e1585126662831.jpg\" alt=\"\" width=\"1625\" height=\"512\" srcset=\"https:\/\/www.pyhtaanvuokramokit.fi\/wp-content\/uploads\/2018\/10\/yht3-e1585126662831.jpg 1625w, https:\/\/www.pyhtaanvuokramokit.fi\/wp-content\/uploads\/2018\/10\/yht3-e1585126662831-300x95.jpg 300w, https:\/\/www.pyhtaanvuokramokit.fi\/wp-content\/uploads\/2018\/10\/yht3-e1585126662831-768x242.jpg 768w, https:\/\/www.pyhtaanvuokramokit.fi\/wp-content\/uploads\/2018\/10\/yht3-e1585126662831-1024x323.jpg 1024w, https:\/\/www.pyhtaanvuokramokit.fi\/wp-content\/uploads\/2018\/10\/yht3-e1585126662831-1536x484.jpg 1536w\" sizes=\"auto, (max-width: 1625px) 100vw, 1625px\" \/><br \/>\n<strong>PYHT\u00c4\u00c4N VUOKRAM\u00d6KIT OY<\/strong><\/p>\n<p><a href=\"http:\/\/www.pyhtaanvuokramokit.fi\/aluekartta\/\" target=\"_blank\" rel=\"noopener noreferrer\"><strong>Katso m\u00f6kkien sijainti<\/strong><\/a><\/p>\n<p><strong>Toimiston posti- ja laskutusosoite:<\/strong><br \/>\nHillerintie 3F, 49210 Huutj\u00e4rvi, Kymenlaakso, FINLAND<br \/>\n(Ei k\u00e4yntiosoite)<\/p>\n<p><strong>Yhteyshenkil\u00f6: <\/strong>Christian Rasi<\/p>\n<p><strong>Puhelin:<\/strong> +358 400 650 677\u00a0<img loading=\"lazy\" decoding=\"async\" data-attachment-id=\"9464\" data-permalink=\"https:\/\/www.pyhtaanvuokramokit.fi\/en\/yhteystiedot\/whatsapp-1td7wtn\/\" data-orig-file=\"https:\/\/www.pyhtaanvuokramokit.fi\/wp-content\/uploads\/2018\/10\/whatsapp-1td7wtn.png\" data-orig-size=\"720,720\" data-comments-opened=\"0\" data-image-meta=\"{&quot;aperture&quot;:&quot;0&quot;,&quot;credit&quot;:&quot;&quot;,&quot;camera&quot;:&quot;&quot;,&quot;caption&quot;:&quot;&quot;,&quot;created_timestamp&quot;:&quot;0&quot;,&quot;copyright&quot;:&quot;&quot;,&quot;focal_length&quot;:&quot;0&quot;,&quot;iso&quot;:&quot;0&quot;,&quot;shutter_speed&quot;:&quot;0&quot;,&quot;title&quot;:&quot;&quot;,&quot;orientation&quot;:&quot;0&quot;}\" data-image-title=\"whatsapp\" data-image-description=\"\" data-image-caption=\"\" data-medium-file=\"https:\/\/www.pyhtaanvuokramokit.fi\/wp-content\/uploads\/2018\/10\/whatsapp-1td7wtn-300x300.png\" data-large-file=\"https:\/\/www.pyhtaanvuokramokit.fi\/wp-content\/uploads\/2018\/10\/whatsapp-1td7wtn.png\" class=\"alignnone wp-image-9464\" src=\"http:\/\/www.pyhtaanvuokramokit.fi\/wp-content\/uploads\/2018\/10\/whatsapp-1td7wtn.png\" alt=\"\" width=\"31\" height=\"31\" srcset=\"https:\/\/www.pyhtaanvuokramokit.fi\/wp-content\/uploads\/2018\/10\/whatsapp-1td7wtn.png 720w, https:\/\/www.pyhtaanvuokramokit.fi\/wp-content\/uploads\/2018\/10\/whatsapp-1td7wtn-150x150.png 150w, https:\/\/www.pyhtaanvuokramokit.fi\/wp-content\/uploads\/2018\/10\/whatsapp-1td7wtn-300x300.png 300w, https:\/\/www.pyhtaanvuokramokit.fi\/wp-content\/uploads\/2018\/10\/whatsapp-1td7wtn-50x50.png 50w\" sizes=\"auto, (max-width: 31px) 100vw, 31px\" \/><img loading=\"lazy\" decoding=\"async\" data-attachment-id=\"10796\" data-permalink=\"https:\/\/www.pyhtaanvuokramokit.fi\/en\/contakt\/lataus1-1\/\" data-orig-file=\"https:\/\/www.pyhtaanvuokramokit.fi\/wp-content\/uploads\/2020\/03\/lataus1.1.png\" data-orig-size=\"225,225\" data-comments-opened=\"0\" data-image-meta=\"{&quot;aperture&quot;:&quot;0&quot;,&quot;credit&quot;:&quot;&quot;,&quot;camera&quot;:&quot;&quot;,&quot;caption&quot;:&quot;&quot;,&quot;created_timestamp&quot;:&quot;0&quot;,&quot;copyright&quot;:&quot;&quot;,&quot;focal_length&quot;:&quot;0&quot;,&quot;iso&quot;:&quot;0&quot;,&quot;shutter_speed&quot;:&quot;0&quot;,&quot;title&quot;:&quot;&quot;,&quot;orientation&quot;:&quot;0&quot;}\" data-image-title=\"lataus1.1\" data-image-description=\"\" data-image-caption=\"\" data-medium-file=\"https:\/\/www.pyhtaanvuokramokit.fi\/wp-content\/uploads\/2020\/03\/lataus1.1.png\" data-large-file=\"https:\/\/www.pyhtaanvuokramokit.fi\/wp-content\/uploads\/2020\/03\/lataus1.1.png\" class=\"alignnone wp-image-10796\" src=\"https:\/\/www.pyhtaanvuokramokit.fi\/wp-content\/uploads\/2020\/03\/lataus1.1.png\" alt=\"\" width=\"31\" height=\"31\" srcset=\"https:\/\/www.pyhtaanvuokramokit.fi\/wp-content\/uploads\/2020\/03\/lataus1.1.png 225w, https:\/\/www.pyhtaanvuokramokit.fi\/wp-content\/uploads\/2020\/03\/lataus1.1-150x150.png 150w, https:\/\/www.pyhtaanvuokramokit.fi\/wp-content\/uploads\/2020\/03\/lataus1.1-50x50.png 50w\" sizes=\"auto, (max-width: 31px) 100vw, 31px\" \/><br \/>\n<strong>S\u00e4hk\u00f6posti:<\/strong> <a href=\"mailto:info@pyhtaanvuokramokit.fi\">info@pyhtaanvuokramokit.fi<\/a><\/p>\n<p>Y-tunnus: 0578524-9<\/p>\n<p><img loading=\"lazy\" decoding=\"async\" data-attachment-id=\"10798\" data-permalink=\"https:\/\/www.pyhtaanvuokramokit.fi\/en\/contakt\/fb_icon_325x325\/\" data-orig-file=\"https:\/\/www.pyhtaanvuokramokit.fi\/wp-content\/uploads\/2020\/03\/fb_icon_325x325.png\" data-orig-size=\"325,325\" data-comments-opened=\"0\" data-image-meta=\"{&quot;aperture&quot;:&quot;0&quot;,&quot;credit&quot;:&quot;&quot;,&quot;camera&quot;:&quot;&quot;,&quot;caption&quot;:&quot;&quot;,&quot;created_timestamp&quot;:&quot;0&quot;,&quot;copyright&quot;:&quot;&quot;,&quot;focal_length&quot;:&quot;0&quot;,&quot;iso&quot;:&quot;0&quot;,&quot;shutter_speed&quot;:&quot;0&quot;,&quot;title&quot;:&quot;&quot;,&quot;orientation&quot;:&quot;0&quot;}\" data-image-title=\"fb_icon_325x325\" data-image-description=\"\" data-image-caption=\"\" data-medium-file=\"https:\/\/www.pyhtaanvuokramokit.fi\/wp-content\/uploads\/2020\/03\/fb_icon_325x325-300x300.png\" data-large-file=\"https:\/\/www.pyhtaanvuokramokit.fi\/wp-content\/uploads\/2020\/03\/fb_icon_325x325.png\" class=\"alignnone wp-image-10798\" src=\"https:\/\/www.pyhtaanvuokramokit.fi\/wp-content\/uploads\/2020\/03\/fb_icon_325x325.png\" alt=\"\" width=\"31\" height=\"31\" srcset=\"https:\/\/www.pyhtaanvuokramokit.fi\/wp-content\/uploads\/2020\/03\/fb_icon_325x325.png 325w, https:\/\/www.pyhtaanvuokramokit.fi\/wp-content\/uploads\/2020\/03\/fb_icon_325x325-300x300.png 300w, https:\/\/www.pyhtaanvuokramokit.fi\/wp-content\/uploads\/2020\/03\/fb_icon_325x325-150x150.png 150w, https:\/\/www.pyhtaanvuokramokit.fi\/wp-content\/uploads\/2020\/03\/fb_icon_325x325-50x50.png 50w\" sizes=\"auto, (max-width: 31px) 100vw, 31px\" \/>\u00a0 <img loading=\"lazy\" decoding=\"async\" data-attachment-id=\"10800\" data-permalink=\"https:\/\/www.pyhtaanvuokramokit.fi\/en\/contakt\/the_instagram_logo-2\/\" data-orig-file=\"https:\/\/www.pyhtaanvuokramokit.fi\/wp-content\/uploads\/2020\/03\/The_Instagram_Logo-1.jpg\" data-orig-size=\"411,397\" data-comments-opened=\"0\" data-image-meta=\"{&quot;aperture&quot;:&quot;0&quot;,&quot;credit&quot;:&quot;&quot;,&quot;camera&quot;:&quot;&quot;,&quot;caption&quot;:&quot;&quot;,&quot;created_timestamp&quot;:&quot;0&quot;,&quot;copyright&quot;:&quot;&quot;,&quot;focal_length&quot;:&quot;0&quot;,&quot;iso&quot;:&quot;0&quot;,&quot;shutter_speed&quot;:&quot;0&quot;,&quot;title&quot;:&quot;&quot;,&quot;orientation&quot;:&quot;1&quot;}\" data-image-title=\"The_Instagram_Logo\" data-image-description=\"\" data-image-caption=\"\" data-medium-file=\"https:\/\/www.pyhtaanvuokramokit.fi\/wp-content\/uploads\/2020\/03\/The_Instagram_Logo-1-300x290.jpg\" data-large-file=\"https:\/\/www.pyhtaanvuokramokit.fi\/wp-content\/uploads\/2020\/03\/The_Instagram_Logo-1.jpg\" class=\"alignnone wp-image-10800\" src=\"https:\/\/www.pyhtaanvuokramokit.fi\/wp-content\/uploads\/2020\/03\/The_Instagram_Logo-1.jpg\" alt=\"\" width=\"31\" height=\"30\" srcset=\"https:\/\/www.pyhtaanvuokramokit.fi\/wp-content\/uploads\/2020\/03\/The_Instagram_Logo-1.jpg 411w, https:\/\/www.pyhtaanvuokramokit.fi\/wp-content\/uploads\/2020\/03\/The_Instagram_Logo-1-300x290.jpg 300w, https:\/\/www.pyhtaanvuokramokit.fi\/wp-content\/uploads\/2020\/03\/The_Instagram_Logo-1-150x150.jpg 150w, https:\/\/www.pyhtaanvuokramokit.fi\/wp-content\/uploads\/2020\/03\/The_Instagram_Logo-1-50x50.jpg 50w\" sizes=\"auto, (max-width: 31px) 100vw, 31px\" \/><\/p>\n","protected":false},"excerpt":{"rendered":"<p>PYHT\u00c4\u00c4N VUOKRAM\u00d6KIT OY Katso m\u00f6kkien sijainti Toimiston posti- ja laskutusosoite: Hillerintie 3F, 49210 Huutj\u00e4rvi, Kymenlaakso, FINLAND (Ei k\u00e4yntiosoite) Yhteyshenkil\u00f6: Christian Rasi Puhelin: +358 400 650 677\u00a0 S\u00e4hk\u00f6posti: info@pyhtaanvuokramokit.fi Y-tunnus: 0578524-9 \u00a0<\/p>\n","protected":false},"author":1,"featured_media":0,"parent":0,"menu_order":0,"comment_status":"closed","ping_status":"closed","template":"info-page.php","meta":{"_acf_changed":false,"footnotes":""},"class_list":["post-9530","page","type-page","status-publish","hentry"],"translation":{"provider":"WPGlobus","version":"3.0.0","language":"en","enabled_languages":["fi","en"],"languages":{"fi":{"title":true,"content":true,"excerpt":false},"en":{"title":false,"content":false,"excerpt":false}}},"acf":[],"jetpack_sharing_enabled":true,"_links":{"self":[{"href":"https:\/\/www.pyhtaanvuokramokit.fi\/en\/wp-json\/wp\/v2\/pages\/9530","targetHints":{"allow":["GET"]}}],"collection":[{"href":"https:\/\/www.pyhtaanvuokramokit.fi\/en\/wp-json\/wp\/v2\/pages"}],"about":[{"href":"https:\/\/www.pyhtaanvuokramokit.fi\/en\/wp-json\/wp\/v2\/types\/page"}],"author":[{"embeddable":true,"href":"https:\/\/www.pyhtaanvuokramokit.fi\/en\/wp-json\/wp\/v2\/users\/1"}],"replies":[{"embeddable":true,"href":"https:\/\/www.pyhtaanvuokramokit.fi\/en\/wp-json\/wp\/v2\/comments?post=9530"}],"version-history":[{"count":10,"href":"https:\/\/www.pyhtaanvuokramokit.fi\/en\/wp-json\/wp\/v2\/pages\/9530\/revisions"}],"predecessor-version":[{"id":10802,"href":"https:\/\/www.pyhtaanvuokramokit.fi\/en\/wp-json\/wp\/v2\/pages\/9530\/revisions\/10802"}],"wp:attachment":[{"href":"https:\/\/www.pyhtaanvuokramokit.fi\/en\/wp-json\/wp\/v2\/media?parent=9530"}],"curies":[{"name":"wp","href":"https:\/\/api.w.org\/{rel}","templated":true}]}}