{"id":8261,"date":"2018-06-06T07:38:41","date_gmt":"2018-06-06T07:38:41","guid":{"rendered":"http:\/\/www.pyhtaanvuokramokit.fi\/?page_id=8261"},"modified":"2025-01-05T08:30:52","modified_gmt":"2025-01-05T06:30:52","slug":"yhteystiedot","status":"publish","type":"page","link":"https:\/\/www.pyhtaanvuokramokit.fi\/en\/yhteystiedot\/","title":{"rendered":"Yhteystiedot"},"content":{"rendered":"\n<div class=\"wp-block-cover\" style=\"min-height:304px;aspect-ratio:unset;\"><span aria-hidden=\"true\" class=\"wp-block-cover__background has-background-dim-0 has-background-dim\"><\/span><img loading=\"lazy\" decoding=\"async\" width=\"1625\" height=\"512\" data-attachment-id=\"9439\" data-permalink=\"https:\/\/www.pyhtaanvuokramokit.fi\/en\/yhteystiedot\/yht3\/\" data-orig-file=\"https:\/\/www.pyhtaanvuokramokit.fi\/wp-content\/uploads\/2018\/10\/yht3-e1585126662831.jpg\" data-orig-size=\"1625,512\" data-comments-opened=\"0\" data-image-meta=\"{&quot;aperture&quot;:&quot;9&quot;,&quot;credit&quot;:&quot;&quot;,&quot;camera&quot;:&quot;NIKON D5300&quot;,&quot;caption&quot;:&quot;&quot;,&quot;created_timestamp&quot;:&quot;1471767053&quot;,&quot;copyright&quot;:&quot;&quot;,&quot;focal_length&quot;:&quot;29&quot;,&quot;iso&quot;:&quot;400&quot;,&quot;shutter_speed&quot;:&quot;0.005&quot;,&quot;title&quot;:&quot;&quot;,&quot;orientation&quot;:&quot;1&quot;}\" data-image-title=\"KYLTTI\" data-image-description=\"\" data-image-caption=\"\" data-medium-file=\"https:\/\/www.pyhtaanvuokramokit.fi\/wp-content\/uploads\/2018\/10\/yht3-e1585126662831-300x95.jpg\" data-large-file=\"https:\/\/www.pyhtaanvuokramokit.fi\/wp-content\/uploads\/2018\/10\/yht3-e1585126662831-1024x323.jpg\" class=\"wp-block-cover__image-background wp-image-9439\" alt=\"\" src=\"https:\/\/www.pyhtaanvuokramokit.fi\/wp-content\/uploads\/2018\/10\/yht3-e1585126662831.jpg\" data-object-fit=\"cover\" srcset=\"https:\/\/www.pyhtaanvuokramokit.fi\/wp-content\/uploads\/2018\/10\/yht3-e1585126662831.jpg 1625w, https:\/\/www.pyhtaanvuokramokit.fi\/wp-content\/uploads\/2018\/10\/yht3-e1585126662831-300x95.jpg 300w, https:\/\/www.pyhtaanvuokramokit.fi\/wp-content\/uploads\/2018\/10\/yht3-e1585126662831-768x242.jpg 768w, https:\/\/www.pyhtaanvuokramokit.fi\/wp-content\/uploads\/2018\/10\/yht3-e1585126662831-1024x323.jpg 1024w, https:\/\/www.pyhtaanvuokramokit.fi\/wp-content\/uploads\/2018\/10\/yht3-e1585126662831-1536x484.jpg 1536w\" sizes=\"auto, (max-width: 1625px) 100vw, 1625px\" \/><div class=\"wp-block-cover__inner-container is-layout-flow wp-block-cover-is-layout-flow\">\n<p class=\"has-text-align-center has-large-font-size\"><\/p>\n<\/div><\/div>\n\n\n\n<p><\/p>\n\n\n\n<p><strong>PYHT\u00c4\u00c4N VUOKRAM\u00d6KIT KY<\/strong><\/p>\n\n\n\n<p><a href=\"https:\/\/www.pyhtaanvuokramokit.fi\/aluekartta\/\">Map of&nbsp; Cottages<\/a><\/p>\n\n\n\n<p><strong>Office, only mail address:<\/strong><br>Karhinkatu 27, 48600 Kotka, FINLAND<\/p>\n\n\n\n<p><strong>Info Board Visiting Address:<\/strong><br>Tuuskintie 308, 49210 Pyht\u00e4\u00e4, FINLAND<\/p>\n\n\n\n<p><strong>Addresses to Cottages:<\/strong><\/p>\n\n\n\n<p>Cottages 1-9: Tuuskintie 360, Pyht\u00e4\u00e4, Finland<\/p>\n\n\n\n<p>Cottages 15-19: Trollvikintie 90, Pyht\u00e4\u00e4, Finland<\/p>\n\n\n\n<p><strong>Contact person:<\/strong>&nbsp;Christian Rasi (finnish, english)<\/p>\n\n\n\n<p><strong>Phone (open 10-18): <\/strong>Reservations, invoicing, other info +358 400 650 677 &nbsp;<\/p>\n\n\n\n<p><strong>Emergency number (open 8-24):<\/strong> Problem situations in the cottage such as: Electricity, water outages. The phone number can be found in the cabin.&nbsp;<br><\/p>\n\n\n\n<p><strong>E-mail:<\/strong>\u00a0info(at)pyhtaanvuokramokit.fi \/ pyhtaanmokit(at)gmail.com<\/p>\n\n\n\n<p><strong>Payment methods:<\/strong>\u00a0Bank transfer, Credit card or Cash<\/p>\n\n\n\n<p><strong>Business ID: <\/strong>0578524-9<\/p>\n","protected":false},"excerpt":{"rendered":"<p>PYHT\u00c4\u00c4N VUOKRAM\u00d6KIT KY Map of&nbsp; Cottages Office, only mail address:Karhinkatu 27, 48600 Kotka, FINLAND Info Board Visiting Address:Tuuskintie 308, 49210 Pyht\u00e4\u00e4, FINLAND Addresses to Cottages: Cottages 1-9: Tuuskintie 360, Pyht\u00e4\u00e4, Finland Cottages 15-19: Trollvikintie 90, Pyht\u00e4\u00e4, Finland Contact person:&nbsp;Christian Rasi (finnish, english) Phone (open 10-18): Reservations, invoicing, other info +358 400 650 677 &nbsp; Emergency [&hellip;]<\/p>\n","protected":false},"author":1,"featured_media":0,"parent":0,"menu_order":0,"comment_status":"closed","ping_status":"closed","template":"info-page.php","meta":{"_acf_changed":false,"footnotes":""},"class_list":["post-8261","page","type-page","status-publish","hentry"],"translation":{"provider":"WPGlobus","version":"3.0.0","language":"en","enabled_languages":["fi","en"],"languages":{"fi":{"title":true,"content":true,"excerpt":false},"en":{"title":false,"content":true,"excerpt":false}}},"acf":[],"jetpack_sharing_enabled":true,"_links":{"self":[{"href":"https:\/\/www.pyhtaanvuokramokit.fi\/en\/wp-json\/wp\/v2\/pages\/8261","targetHints":{"allow":["GET"]}}],"collection":[{"href":"https:\/\/www.pyhtaanvuokramokit.fi\/en\/wp-json\/wp\/v2\/pages"}],"about":[{"href":"https:\/\/www.pyhtaanvuokramokit.fi\/en\/wp-json\/wp\/v2\/types\/page"}],"author":[{"embeddable":true,"href":"https:\/\/www.pyhtaanvuokramokit.fi\/en\/wp-json\/wp\/v2\/users\/1"}],"replies":[{"embeddable":true,"href":"https:\/\/www.pyhtaanvuokramokit.fi\/en\/wp-json\/wp\/v2\/comments?post=8261"}],"version-history":[{"count":114,"href":"https:\/\/www.pyhtaanvuokramokit.fi\/en\/wp-json\/wp\/v2\/pages\/8261\/revisions"}],"predecessor-version":[{"id":13025,"href":"https:\/\/www.pyhtaanvuokramokit.fi\/en\/wp-json\/wp\/v2\/pages\/8261\/revisions\/13025"}],"wp:attachment":[{"href":"https:\/\/www.pyhtaanvuokramokit.fi\/en\/wp-json\/wp\/v2\/media?parent=8261"}],"curies":[{"name":"wp","href":"https:\/\/api.w.org\/{rel}","templated":true}]}}