{"id":6474,"date":"2018-04-19T10:43:24","date_gmt":"2018-04-19T10:43:24","guid":{"rendered":"https:\/\/www.pyhtaanvuokramokit.fi\/?page_id=6474"},"modified":"2026-04-19T10:35:26","modified_gmt":"2026-04-19T07:35:26","slug":"asuntovaunutontit","status":"publish","type":"page","link":"https:\/\/www.pyhtaanvuokramokit.fi\/en\/asuntovaunutontit\/","title":{"rendered":"Asuntovaunutontit"},"content":{"rendered":"\n<h2 class=\"wp-block-heading\">Asuntovaunutontit<\/h2>\n\n\n\n<div class=\"wp-block-columns is-layout-flex wp-container-core-columns-is-layout-9d6595d7 wp-block-columns-is-layout-flex\">\n<div class=\"wp-block-column is-layout-flow wp-block-column-is-layout-flow\" style=\"flex-basis:66.66%\">\n<figure class=\"wp-block-image size-large\"><img loading=\"lazy\" decoding=\"async\" width=\"1024\" height=\"683\" data-attachment-id=\"6999\" data-permalink=\"https:\/\/www.pyhtaanvuokramokit.fi\/en\/lomamokit\/mokki-19\/mokki19_13\/\" data-orig-file=\"https:\/\/www.pyhtaanvuokramokit.fi\/wp-content\/uploads\/2018\/04\/mokki19_13.jpg\" data-orig-size=\"1920,1280\" data-comments-opened=\"0\" data-image-meta=\"{&quot;aperture&quot;:&quot;3.5&quot;,&quot;credit&quot;:&quot;&quot;,&quot;camera&quot;:&quot;NIKON D5300&quot;,&quot;caption&quot;:&quot;&quot;,&quot;created_timestamp&quot;:&quot;1394563112&quot;,&quot;copyright&quot;:&quot;&quot;,&quot;focal_length&quot;:&quot;20&quot;,&quot;iso&quot;:&quot;3200&quot;,&quot;shutter_speed&quot;:&quot;0.02&quot;,&quot;title&quot;:&quot;&quot;,&quot;orientation&quot;:&quot;1&quot;}\" data-image-title=\"\" data-image-description=\"\" data-image-caption=\"\" data-medium-file=\"https:\/\/www.pyhtaanvuokramokit.fi\/wp-content\/uploads\/2018\/04\/mokki19_13-300x200.jpg\" data-large-file=\"https:\/\/www.pyhtaanvuokramokit.fi\/wp-content\/uploads\/2018\/04\/mokki19_13-1024x683.jpg\" src=\"https:\/\/www.pyhtaanvuokramokit.fi\/wp-content\/uploads\/2018\/04\/mokki19_13-1024x683.jpg\" alt=\"\" class=\"wp-image-6999\" srcset=\"https:\/\/www.pyhtaanvuokramokit.fi\/wp-content\/uploads\/2018\/04\/mokki19_13-1024x683.jpg 1024w, https:\/\/www.pyhtaanvuokramokit.fi\/wp-content\/uploads\/2018\/04\/mokki19_13-300x200.jpg 300w, https:\/\/www.pyhtaanvuokramokit.fi\/wp-content\/uploads\/2018\/04\/mokki19_13-768x512.jpg 768w, https:\/\/www.pyhtaanvuokramokit.fi\/wp-content\/uploads\/2018\/04\/mokki19_13.jpg 1920w\" sizes=\"auto, (max-width: 1024px) 100vw, 1024px\" \/><\/figure>\n\n\n\n<p>Vuokrattavia asuntovaunuille suunnattuja tontteja on kuusi. Asuntovaunutonteilta l\u00f6ytyy ulkok\u00e4ym\u00e4l\u00e4, s\u00e4hk\u00f6liittym\u00e4 tai pistokepaikka ja tie tontille asti.<\/p>\n\n\n\n<p><br>Jokaisella tontilla on oma piha-alue sek\u00e4 ranta-alue.<br>Tonteilla 1, 7, 10 ja 14&nbsp; l\u00f6ytyy lis\u00e4ksi pieni varastotila. Tontit ovat erikokoisia. Erikoisuutena tontti 1 kuuluu oma sauna, suihkulla. Vesi tulee omasta kaivosta. Pumppu on itse hankittava.<br>Osa tonteista on niemen k\u00e4rkitontteja, kuten tontit 10 ja 13. Lahden suojassa sijaitsee tontti 14. Aurinkoisin tontti on 7., lis\u00e4ksi tasainen tontti. T\u00e4ydelliseen auringonlaskuun on sijoitettu tontti 8. Jokainen on merenrantatontti, johon pystyy tuomaan oman veneen rantaan ja mahdollisuus uida.<\/p>\n\n\n\n<p>Tontti 1 saunalla on merkattu erillinen rantapaikka n. 300 metrin p\u00e4\u00e4h\u00e4n tontilta. Rannalle saa laitettua oman veneen ja hyv\u00e4 uinti paikka.<\/p>\n\n\n\n<p>Asuntovaunuilijat saavat vapaasti k\u00e4ytt\u00e4\u00e4 <strong>vesipisteit\u00e4<\/strong>, joita l\u00f6ytyy meid\u00e4n m\u00f6kkialueeltamme 3 kpl.<br>Vesipisteist\u00e4 tulee juomakelpoista l\u00e4hdevett\u00e4, ellei toisin ole kerrottu.<\/p>\n\n\n\n<p><strong>S\u00e4hk\u00f6n maksaa vuokraaja kulutuksen ja sopimuksen mukaan.<\/strong><\/p>\n<\/div>\n\n\n\n<div class=\"wp-block-column is-layout-flow wp-block-column-is-layout-flow\" style=\"flex-basis:33.33%\">\n<p><strong>Tonteista vapautuu seuraavana:<\/strong><\/p>\n\n\n\n<p><strong>Seuraava vapautuvat: Tontit 7 ja 1 Saunalla Syksyll\u00e4. Tarkentuu l\u00e4hemp\u00e4n\u00e4. (P\u00e4iv\u00e4ys 04\/2026)<\/strong><\/p>\n\n\n\n<p>Katso <strong><a rel=\"noreferrer noopener\" href=\"http:\/\/www.pyhtaanvuokramokit.fi\/aluekartta\/\" target=\"_blank\">kartalta<\/a><\/strong> tonttien sijainnit.<\/p>\n\n\n\n<p><strong>Hinnat: <\/strong><\/p>\n\n\n\n<ul class=\"wp-block-list\">\n<li>Tontti 1 Saunalla on 2160\u20ac\/vuosi. eli 180 \u20ac\/kk. Kes\u00e4kausi 1650\u20ac. <\/li>\n\n\n\n<li>Tontti 7 on 1 800 \u20ac\/vuosi eli 150 \u20ac\/kk.<\/li>\n\n\n\n<li>Tontti 8 on 1440 \u20ac\/vuosi eli 120 \u20ac\/kk.<\/li>\n\n\n\n<li>Tontti 10 on 1 800 \u20ac\/vuosi eli 150 \u20ac\/kk.<\/li>\n\n\n\n<li>Tontti 13 on 1 800 \u20ac\/vuosi eli 150 \u20ac\/kk.<\/li>\n\n\n\n<li>Tontti 14 on 1440\u20ac\/vuosi, eli 120 \u20ac\/kk. Kes\u00e4kausi 990\u20ac.<\/li>\n\n\n\n<li>Tontteja voi my\u00f6s vuokrata kes\u00e4kaudeksi (touko-syyskuu) alkaen 990 &#8211; 1650 \u20ac.<\/li>\n<\/ul>\n\n\n\n<p>Tiedustele vapaita asuntovaunutonttejamme ja niiden hintoja numerosta: <strong>+358 400 650 677 <\/strong><br>tai s\u00e4hk\u00f6postitse: <strong>info@pyhtaanvuokramokit.fi<\/strong><\/p>\n<\/div>\n<\/div>\n\n\n\n<hr class=\"wp-block-separator has-alpha-channel-opacity\"\/>\n\n\n\n<div class=\"wp-block-columns is-layout-flex wp-container-core-columns-is-layout-9d6595d7 wp-block-columns-is-layout-flex\">\n<div class=\"wp-block-column is-layout-flow wp-block-column-is-layout-flow\">\n<p><strong>Tontti 1 saunalla<\/strong>\/ Vuokrattu kes\u00e4kaudeksi<\/p>\n\n\n\n<div class=\"wp-block-jetpack-slideshow aligncenter\" data-effect=\"slide\"><div class=\"wp-block-jetpack-slideshow_container swiper\"><ul class=\"wp-block-jetpack-slideshow_swiper-wrapper swiper-wrapper\"><li class=\"wp-block-jetpack-slideshow_slide swiper-slide\"><figure><img loading=\"lazy\" decoding=\"async\" width=\"1024\" height=\"596\" alt=\"\" class=\"wp-block-jetpack-slideshow_image wp-image-10817\" data-id=\"10817\" src=\"https:\/\/www.pyhtaanvuokramokit.fi\/wp-content\/uploads\/2020\/03\/DSC_0012.-1024x596.jpg\"\/><\/figure><\/li><li class=\"wp-block-jetpack-slideshow_slide swiper-slide\"><figure><img loading=\"lazy\" decoding=\"async\" width=\"1024\" height=\"683\" alt=\"\" class=\"wp-block-jetpack-slideshow_image wp-image-11615\" data-id=\"11615\" src=\"https:\/\/www.pyhtaanvuokramokit.fi\/wp-content\/uploads\/2022\/01\/DSC_0023.-1-1024x683.jpg\"\/><\/figure><\/li><li class=\"wp-block-jetpack-slideshow_slide swiper-slide\"><figure><img loading=\"lazy\" decoding=\"async\" width=\"1024\" height=\"683\" alt=\"\" class=\"wp-block-jetpack-slideshow_image wp-image-11616\" data-id=\"11616\" src=\"https:\/\/www.pyhtaanvuokramokit.fi\/wp-content\/uploads\/2022\/01\/DSC_0024.-1-1024x683.jpg\"\/><\/figure><\/li><li class=\"wp-block-jetpack-slideshow_slide swiper-slide\"><figure><img loading=\"lazy\" decoding=\"async\" width=\"1024\" height=\"683\" alt=\"\" class=\"wp-block-jetpack-slideshow_image wp-image-11614\" data-id=\"11614\" src=\"https:\/\/www.pyhtaanvuokramokit.fi\/wp-content\/uploads\/2022\/01\/DSC_0162-1024x683.jpg\"\/><\/figure><\/li><li class=\"wp-block-jetpack-slideshow_slide swiper-slide\"><figure><img loading=\"lazy\" decoding=\"async\" width=\"1024\" height=\"551\" alt=\"\" class=\"wp-block-jetpack-slideshow_image wp-image-10816\" data-id=\"10816\" src=\"https:\/\/www.pyhtaanvuokramokit.fi\/wp-content\/uploads\/2020\/03\/DSC_0021.-1024x551.jpg\"\/><\/figure><\/li><\/ul><a class=\"wp-block-jetpack-slideshow_button-prev swiper-button-prev swiper-button-white\" role=\"button\"><\/a><a class=\"wp-block-jetpack-slideshow_button-next swiper-button-next swiper-button-white\" role=\"button\"><\/a><a aria-label=\"Pause Slideshow\" class=\"wp-block-jetpack-slideshow_button-pause\" role=\"button\"><\/a><div class=\"wp-block-jetpack-slideshow_pagination swiper-pagination swiper-pagination-white\"><\/div><\/div><\/div>\n<\/div>\n\n\n\n<div class=\"wp-block-column is-layout-flow wp-block-column-is-layout-flow\">\n<p><strong>Tontti 8<\/strong>\/ Vuokrattu<\/p>\n\n\n\n<div class=\"wp-block-jetpack-slideshow aligncenter\" data-effect=\"slide\"><div class=\"wp-block-jetpack-slideshow_container swiper\"><ul class=\"wp-block-jetpack-slideshow_swiper-wrapper swiper-wrapper\"><li class=\"wp-block-jetpack-slideshow_slide swiper-slide\"><figure><img loading=\"lazy\" decoding=\"async\" width=\"1024\" height=\"768\" alt=\"\" class=\"wp-block-jetpack-slideshow_image wp-image-9084\" data-id=\"9084\" src=\"https:\/\/www.pyhtaanvuokramokit.fi\/wp-content\/uploads\/2018\/07\/t14_2-1024x768.jpg\" srcset=\"https:\/\/www.pyhtaanvuokramokit.fi\/wp-content\/uploads\/2018\/07\/t14_2-1024x768.jpg 1024w, https:\/\/www.pyhtaanvuokramokit.fi\/wp-content\/uploads\/2018\/07\/t14_2-300x225.jpg 300w, https:\/\/www.pyhtaanvuokramokit.fi\/wp-content\/uploads\/2018\/07\/t14_2-768x576.jpg 768w, https:\/\/www.pyhtaanvuokramokit.fi\/wp-content\/uploads\/2018\/07\/t14_2.jpg 1200w\" sizes=\"(max-width: 1024px) 100vw, 1024px\" \/><\/figure><\/li><\/ul><a class=\"wp-block-jetpack-slideshow_button-prev swiper-button-prev swiper-button-white\" role=\"button\"><\/a><a class=\"wp-block-jetpack-slideshow_button-next swiper-button-next swiper-button-white\" role=\"button\"><\/a><a aria-label=\"Pause Slideshow\" class=\"wp-block-jetpack-slideshow_button-pause\" role=\"button\"><\/a><div class=\"wp-block-jetpack-slideshow_pagination swiper-pagination swiper-pagination-white\"><\/div><\/div><\/div>\n<\/div>\n\n\n\n<div class=\"wp-block-column is-layout-flow wp-block-column-is-layout-flow\">\n<p><strong>Tontti 10<\/strong> \/ Vuokrattu<\/p>\n\n\n\n<div class=\"wp-block-jetpack-slideshow aligncenter\" data-effect=\"slide\"><div class=\"wp-block-jetpack-slideshow_container swiper\"><ul class=\"wp-block-jetpack-slideshow_swiper-wrapper swiper-wrapper\"><li class=\"wp-block-jetpack-slideshow_slide swiper-slide\"><figure><img loading=\"lazy\" decoding=\"async\" width=\"1024\" height=\"768\" alt=\"\" class=\"wp-block-jetpack-slideshow_image wp-image-10966\" data-id=\"10966\" src=\"https:\/\/www.pyhtaanvuokramokit.fi\/wp-content\/uploads\/2020\/05\/t10_2-1024x768.jpg\" srcset=\"https:\/\/www.pyhtaanvuokramokit.fi\/wp-content\/uploads\/2020\/05\/t10_2-1024x768.jpg 1024w, https:\/\/www.pyhtaanvuokramokit.fi\/wp-content\/uploads\/2020\/05\/t10_2-300x225.jpg 300w, https:\/\/www.pyhtaanvuokramokit.fi\/wp-content\/uploads\/2020\/05\/t10_2-768x576.jpg 768w, https:\/\/www.pyhtaanvuokramokit.fi\/wp-content\/uploads\/2020\/05\/t10_2.jpg 1066w\" sizes=\"(max-width: 1024px) 100vw, 1024px\" \/><\/figure><\/li><li class=\"wp-block-jetpack-slideshow_slide swiper-slide\"><figure><img loading=\"lazy\" decoding=\"async\" width=\"1024\" height=\"768\" alt=\"\" class=\"wp-block-jetpack-slideshow_image wp-image-10965\" data-id=\"10965\" src=\"https:\/\/www.pyhtaanvuokramokit.fi\/wp-content\/uploads\/2020\/05\/t10_1-1024x768.jpg\" srcset=\"https:\/\/www.pyhtaanvuokramokit.fi\/wp-content\/uploads\/2020\/05\/t10_1-1024x768.jpg 1024w, https:\/\/www.pyhtaanvuokramokit.fi\/wp-content\/uploads\/2020\/05\/t10_1-300x225.jpg 300w, https:\/\/www.pyhtaanvuokramokit.fi\/wp-content\/uploads\/2020\/05\/t10_1-768x576.jpg 768w, https:\/\/www.pyhtaanvuokramokit.fi\/wp-content\/uploads\/2020\/05\/t10_1.jpg 1066w\" sizes=\"(max-width: 1024px) 100vw, 1024px\" \/><\/figure><\/li><li class=\"wp-block-jetpack-slideshow_slide swiper-slide\"><figure><img loading=\"lazy\" decoding=\"async\" width=\"1024\" height=\"768\" alt=\"\" class=\"wp-block-jetpack-slideshow_image wp-image-10967\" data-id=\"10967\" src=\"https:\/\/www.pyhtaanvuokramokit.fi\/wp-content\/uploads\/2020\/05\/t10_3-1024x768.jpg\" srcset=\"https:\/\/www.pyhtaanvuokramokit.fi\/wp-content\/uploads\/2020\/05\/t10_3-1024x768.jpg 1024w, https:\/\/www.pyhtaanvuokramokit.fi\/wp-content\/uploads\/2020\/05\/t10_3-300x225.jpg 300w, https:\/\/www.pyhtaanvuokramokit.fi\/wp-content\/uploads\/2020\/05\/t10_3-768x576.jpg 768w, https:\/\/www.pyhtaanvuokramokit.fi\/wp-content\/uploads\/2020\/05\/t10_3.jpg 1066w\" sizes=\"(max-width: 1024px) 100vw, 1024px\" \/><\/figure><\/li><li class=\"wp-block-jetpack-slideshow_slide swiper-slide\"><figure><img loading=\"lazy\" decoding=\"async\" width=\"1024\" height=\"768\" alt=\"\" class=\"wp-block-jetpack-slideshow_image wp-image-10968\" data-id=\"10968\" src=\"https:\/\/www.pyhtaanvuokramokit.fi\/wp-content\/uploads\/2020\/05\/t10_4-1024x768.jpg\" srcset=\"https:\/\/www.pyhtaanvuokramokit.fi\/wp-content\/uploads\/2020\/05\/t10_4-1024x768.jpg 1024w, https:\/\/www.pyhtaanvuokramokit.fi\/wp-content\/uploads\/2020\/05\/t10_4-300x225.jpg 300w, https:\/\/www.pyhtaanvuokramokit.fi\/wp-content\/uploads\/2020\/05\/t10_4-768x576.jpg 768w, https:\/\/www.pyhtaanvuokramokit.fi\/wp-content\/uploads\/2020\/05\/t10_4.jpg 1066w\" sizes=\"(max-width: 1024px) 100vw, 1024px\" \/><\/figure><\/li><\/ul><a class=\"wp-block-jetpack-slideshow_button-prev swiper-button-prev swiper-button-white\" role=\"button\"><\/a><a class=\"wp-block-jetpack-slideshow_button-next swiper-button-next swiper-button-white\" role=\"button\"><\/a><a aria-label=\"Pause Slideshow\" class=\"wp-block-jetpack-slideshow_button-pause\" role=\"button\"><\/a><div class=\"wp-block-jetpack-slideshow_pagination swiper-pagination swiper-pagination-white\"><\/div><\/div><\/div>\n<\/div>\n<\/div>\n\n\n\n<div class=\"wp-block-columns is-layout-flex wp-container-core-columns-is-layout-9d6595d7 wp-block-columns-is-layout-flex\">\n<div class=\"wp-block-column is-layout-flow wp-block-column-is-layout-flow\">\n<p><strong>Tontti 7<\/strong>\/ Vuokrattu. Vapautuu syksyll\u00e4.<\/p>\n\n\n\n<div class=\"wp-block-jetpack-slideshow aligncenter\" data-effect=\"slide\"><div class=\"wp-block-jetpack-slideshow_container swiper\"><ul class=\"wp-block-jetpack-slideshow_swiper-wrapper swiper-wrapper\"><li class=\"wp-block-jetpack-slideshow_slide swiper-slide\"><figure><img loading=\"lazy\" decoding=\"async\" width=\"1024\" height=\"609\" alt=\"\" class=\"wp-block-jetpack-slideshow_image wp-image-10214\" data-id=\"10214\" src=\"https:\/\/www.pyhtaanvuokramokit.fi\/wp-content\/uploads\/2019\/04\/IMG_20180722_130844rajattu-1024x609.jpg\" srcset=\"https:\/\/www.pyhtaanvuokramokit.fi\/wp-content\/uploads\/2019\/04\/IMG_20180722_130844rajattu-1024x609.jpg 1024w, https:\/\/www.pyhtaanvuokramokit.fi\/wp-content\/uploads\/2019\/04\/IMG_20180722_130844rajattu-300x178.jpg 300w, https:\/\/www.pyhtaanvuokramokit.fi\/wp-content\/uploads\/2019\/04\/IMG_20180722_130844rajattu-768x457.jpg 768w, https:\/\/www.pyhtaanvuokramokit.fi\/wp-content\/uploads\/2019\/04\/IMG_20180722_130844rajattu-268x160.jpg 268w, https:\/\/www.pyhtaanvuokramokit.fi\/wp-content\/uploads\/2019\/04\/IMG_20180722_130844rajattu.jpg 1920w\" sizes=\"(max-width: 1024px) 100vw, 1024px\" \/><\/figure><\/li><\/ul><a class=\"wp-block-jetpack-slideshow_button-prev swiper-button-prev swiper-button-white\" role=\"button\"><\/a><a class=\"wp-block-jetpack-slideshow_button-next swiper-button-next swiper-button-white\" role=\"button\"><\/a><a aria-label=\"Pause Slideshow\" class=\"wp-block-jetpack-slideshow_button-pause\" role=\"button\"><\/a><div class=\"wp-block-jetpack-slideshow_pagination swiper-pagination swiper-pagination-white\"><\/div><\/div><\/div>\n<\/div>\n\n\n\n<div class=\"wp-block-column is-layout-flow wp-block-column-is-layout-flow\">\n<p><strong>Tontti 13<\/strong> \/ Vuokrattu<\/p>\n\n\n\n<div class=\"wp-block-jetpack-slideshow aligncenter\" data-effect=\"slide\"><div class=\"wp-block-jetpack-slideshow_container swiper\"><ul class=\"wp-block-jetpack-slideshow_swiper-wrapper swiper-wrapper\"><li class=\"wp-block-jetpack-slideshow_slide swiper-slide\"><figure><img loading=\"lazy\" decoding=\"async\" width=\"1024\" height=\"768\" alt=\"\" class=\"wp-block-jetpack-slideshow_image wp-image-9078\" data-id=\"9078\" src=\"https:\/\/www.pyhtaanvuokramokit.fi\/wp-content\/uploads\/2018\/07\/t13_1-1024x768.jpg\" srcset=\"https:\/\/www.pyhtaanvuokramokit.fi\/wp-content\/uploads\/2018\/07\/t13_1-1024x768.jpg 1024w, https:\/\/www.pyhtaanvuokramokit.fi\/wp-content\/uploads\/2018\/07\/t13_1-300x225.jpg 300w, https:\/\/www.pyhtaanvuokramokit.fi\/wp-content\/uploads\/2018\/07\/t13_1-768x576.jpg 768w, https:\/\/www.pyhtaanvuokramokit.fi\/wp-content\/uploads\/2018\/07\/t13_1.jpg 1200w\" sizes=\"(max-width: 1024px) 100vw, 1024px\" \/><\/figure><\/li><li class=\"wp-block-jetpack-slideshow_slide swiper-slide\"><figure><img loading=\"lazy\" decoding=\"async\" width=\"1024\" height=\"768\" alt=\"\" class=\"wp-block-jetpack-slideshow_image wp-image-9079\" data-id=\"9079\" src=\"https:\/\/www.pyhtaanvuokramokit.fi\/wp-content\/uploads\/2018\/07\/t13_2-1024x768.jpg\" srcset=\"https:\/\/www.pyhtaanvuokramokit.fi\/wp-content\/uploads\/2018\/07\/t13_2-1024x768.jpg 1024w, https:\/\/www.pyhtaanvuokramokit.fi\/wp-content\/uploads\/2018\/07\/t13_2-300x225.jpg 300w, https:\/\/www.pyhtaanvuokramokit.fi\/wp-content\/uploads\/2018\/07\/t13_2-768x576.jpg 768w, https:\/\/www.pyhtaanvuokramokit.fi\/wp-content\/uploads\/2018\/07\/t13_2.jpg 1200w\" sizes=\"(max-width: 1024px) 100vw, 1024px\" \/><\/figure><\/li><li class=\"wp-block-jetpack-slideshow_slide swiper-slide\"><figure><img loading=\"lazy\" decoding=\"async\" width=\"1024\" height=\"768\" alt=\"\" class=\"wp-block-jetpack-slideshow_image wp-image-9080\" data-id=\"9080\" src=\"https:\/\/www.pyhtaanvuokramokit.fi\/wp-content\/uploads\/2018\/07\/t13_3-1024x768.jpg\" srcset=\"https:\/\/www.pyhtaanvuokramokit.fi\/wp-content\/uploads\/2018\/07\/t13_3-1024x768.jpg 1024w, https:\/\/www.pyhtaanvuokramokit.fi\/wp-content\/uploads\/2018\/07\/t13_3-300x225.jpg 300w, https:\/\/www.pyhtaanvuokramokit.fi\/wp-content\/uploads\/2018\/07\/t13_3-768x576.jpg 768w, https:\/\/www.pyhtaanvuokramokit.fi\/wp-content\/uploads\/2018\/07\/t13_3.jpg 1200w\" sizes=\"(max-width: 1024px) 100vw, 1024px\" \/><\/figure><\/li><li class=\"wp-block-jetpack-slideshow_slide swiper-slide\"><figure><img loading=\"lazy\" decoding=\"async\" width=\"1024\" height=\"768\" alt=\"\" class=\"wp-block-jetpack-slideshow_image wp-image-9081\" data-id=\"9081\" src=\"https:\/\/www.pyhtaanvuokramokit.fi\/wp-content\/uploads\/2018\/07\/t13_4-1024x768.jpg\" srcset=\"https:\/\/www.pyhtaanvuokramokit.fi\/wp-content\/uploads\/2018\/07\/t13_4-1024x768.jpg 1024w, https:\/\/www.pyhtaanvuokramokit.fi\/wp-content\/uploads\/2018\/07\/t13_4-300x225.jpg 300w, https:\/\/www.pyhtaanvuokramokit.fi\/wp-content\/uploads\/2018\/07\/t13_4-768x576.jpg 768w, https:\/\/www.pyhtaanvuokramokit.fi\/wp-content\/uploads\/2018\/07\/t13_4.jpg 1200w\" sizes=\"(max-width: 1024px) 100vw, 1024px\" \/><\/figure><\/li><\/ul><a class=\"wp-block-jetpack-slideshow_button-prev swiper-button-prev swiper-button-white\" role=\"button\"><\/a><a class=\"wp-block-jetpack-slideshow_button-next swiper-button-next swiper-button-white\" role=\"button\"><\/a><a aria-label=\"Pause Slideshow\" class=\"wp-block-jetpack-slideshow_button-pause\" role=\"button\"><\/a><div class=\"wp-block-jetpack-slideshow_pagination swiper-pagination swiper-pagination-white\"><\/div><\/div><\/div>\n<\/div>\n\n\n\n<div class=\"wp-block-column is-layout-flow wp-block-column-is-layout-flow\">\n<p><strong>Tontti 14 <\/strong>\/ Vuokrattu<\/p>\n\n\n\n<div class=\"wp-block-jetpack-slideshow aligncenter\" data-effect=\"slide\"><div class=\"wp-block-jetpack-slideshow_container swiper\"><ul class=\"wp-block-jetpack-slideshow_swiper-wrapper swiper-wrapper\"><li class=\"wp-block-jetpack-slideshow_slide swiper-slide\"><figure><img loading=\"lazy\" decoding=\"async\" width=\"1024\" height=\"683\" alt=\"\" class=\"wp-block-jetpack-slideshow_image wp-image-11601\" data-id=\"11601\" src=\"https:\/\/www.pyhtaanvuokramokit.fi\/wp-content\/uploads\/2022\/01\/DSC_0105-2-1024x683.jpg\"\/><\/figure><\/li><li class=\"wp-block-jetpack-slideshow_slide swiper-slide\"><figure><img loading=\"lazy\" decoding=\"async\" width=\"1024\" height=\"683\" alt=\"\" class=\"wp-block-jetpack-slideshow_image wp-image-11597\" data-id=\"11597\" src=\"https:\/\/www.pyhtaanvuokramokit.fi\/wp-content\/uploads\/2022\/01\/DSC_0095-2-1024x683.jpg\"\/><\/figure><\/li><li class=\"wp-block-jetpack-slideshow_slide swiper-slide\"><figure><img loading=\"lazy\" decoding=\"async\" width=\"1024\" height=\"683\" alt=\"\" class=\"wp-block-jetpack-slideshow_image wp-image-11602\" data-id=\"11602\" src=\"https:\/\/www.pyhtaanvuokramokit.fi\/wp-content\/uploads\/2022\/01\/DSC_0108-2-1024x683.jpg\"\/><\/figure><\/li><li class=\"wp-block-jetpack-slideshow_slide swiper-slide\"><figure><img loading=\"lazy\" decoding=\"async\" width=\"1024\" height=\"683\" alt=\"\" class=\"wp-block-jetpack-slideshow_image wp-image-11599\" data-id=\"11599\" src=\"https:\/\/www.pyhtaanvuokramokit.fi\/wp-content\/uploads\/2022\/01\/DSC_0103-2-1024x683.jpg\"\/><\/figure><\/li><li class=\"wp-block-jetpack-slideshow_slide swiper-slide\"><figure><img loading=\"lazy\" decoding=\"async\" width=\"1024\" height=\"683\" alt=\"\" class=\"wp-block-jetpack-slideshow_image wp-image-11598\" data-id=\"11598\" src=\"https:\/\/www.pyhtaanvuokramokit.fi\/wp-content\/uploads\/2022\/01\/DSC_0099-2-1024x683.jpg\"\/><\/figure><\/li><\/ul><a class=\"wp-block-jetpack-slideshow_button-prev swiper-button-prev swiper-button-white\" role=\"button\"><\/a><a class=\"wp-block-jetpack-slideshow_button-next swiper-button-next swiper-button-white\" role=\"button\"><\/a><a aria-label=\"Pause Slideshow\" class=\"wp-block-jetpack-slideshow_button-pause\" role=\"button\"><\/a><div class=\"wp-block-jetpack-slideshow_pagination swiper-pagination swiper-pagination-white\"><\/div><\/div><\/div>\n<\/div>\n<\/div>\n\n\n\n<div class=\"wp-block-columns is-layout-flex wp-container-core-columns-is-layout-9d6595d7 wp-block-columns-is-layout-flex\">\n<div class=\"wp-block-column is-layout-flow wp-block-column-is-layout-flow\"><\/div>\n\n\n\n<div class=\"wp-block-column is-layout-flow wp-block-column-is-layout-flow\"><\/div>\n\n\n\n<div class=\"wp-block-column is-layout-flow wp-block-column-is-layout-flow\"><\/div>\n<\/div>\n","protected":false},"excerpt":{"rendered":"<p>Asuntovaunutontit Vuokrattavia asuntovaunuille suunnattuja tontteja on kuusi. Asuntovaunutonteilta l\u00f6ytyy ulkok\u00e4ym\u00e4l\u00e4, s\u00e4hk\u00f6liittym\u00e4 tai pistokepaikka ja tie tontille asti. Jokaisella tontilla on oma piha-alue sek\u00e4 ranta-alue.Tonteilla 1, 7, 10 ja 14&nbsp; l\u00f6ytyy lis\u00e4ksi pieni varastotila. Tontit ovat erikokoisia. Erikoisuutena tontti 1 kuuluu oma sauna, suihkulla. Vesi tulee omasta kaivosta. Pumppu on itse hankittava.Osa tonteista on niemen k\u00e4rkitontteja, [&hellip;]<\/p>\n","protected":false},"author":1,"featured_media":0,"parent":0,"menu_order":0,"comment_status":"closed","ping_status":"closed","template":"info-page.php","meta":{"_acf_changed":false,"footnotes":""},"class_list":["post-6474","page","type-page","status-publish","hentry"],"translation":{"provider":"WPGlobus","version":"3.0.0","language":"en","enabled_languages":["fi","en"],"languages":{"fi":{"title":true,"content":true,"excerpt":false},"en":{"title":false,"content":false,"excerpt":false}}},"acf":[],"jetpack_sharing_enabled":true,"_links":{"self":[{"href":"https:\/\/www.pyhtaanvuokramokit.fi\/en\/wp-json\/wp\/v2\/pages\/6474","targetHints":{"allow":["GET"]}}],"collection":[{"href":"https:\/\/www.pyhtaanvuokramokit.fi\/en\/wp-json\/wp\/v2\/pages"}],"about":[{"href":"https:\/\/www.pyhtaanvuokramokit.fi\/en\/wp-json\/wp\/v2\/types\/page"}],"author":[{"embeddable":true,"href":"https:\/\/www.pyhtaanvuokramokit.fi\/en\/wp-json\/wp\/v2\/users\/1"}],"replies":[{"embeddable":true,"href":"https:\/\/www.pyhtaanvuokramokit.fi\/en\/wp-json\/wp\/v2\/comments?post=6474"}],"version-history":[{"count":377,"href":"https:\/\/www.pyhtaanvuokramokit.fi\/en\/wp-json\/wp\/v2\/pages\/6474\/revisions"}],"predecessor-version":[{"id":13701,"href":"https:\/\/www.pyhtaanvuokramokit.fi\/en\/wp-json\/wp\/v2\/pages\/6474\/revisions\/13701"}],"wp:attachment":[{"href":"https:\/\/www.pyhtaanvuokramokit.fi\/en\/wp-json\/wp\/v2\/media?parent=6474"}],"curies":[{"name":"wp","href":"https:\/\/api.w.org\/{rel}","templated":true}]}}