{"id":11979,"date":"2022-08-19T15:11:13","date_gmt":"2022-08-19T12:11:13","guid":{"rendered":"https:\/\/www.pyhtaanvuokramokit.fi\/?page_id=11979"},"modified":"2025-01-05T08:30:15","modified_gmt":"2025-01-05T06:30:15","slug":"11979-2","status":"publish","type":"page","link":"https:\/\/www.pyhtaanvuokramokit.fi\/en\/11979-2\/","title":{"rendered":"Yhteystiedot"},"content":{"rendered":"\n<p><br><strong>PYHT\u00c4\u00c4N VUOKRAM\u00d6KIT KY<\/strong><\/p>\n\n\n\n<p><a href=\"https:\/\/www.pyhtaanvuokramokit.fi\/en\/aluekartta\/\" target=\"_blank\" rel=\"noreferrer noopener\"><strong>Map of&nbsp; Cottages<\/strong><\/a><\/p>\n\n\n\n<p><strong>Office, only mail address:<\/strong><br>Hillerintie 3F, 49210 Huutj\u00e4rvi, FINLAND<\/p>\n\n\n\n<p><strong>Info Board Visiting Address:<\/strong><br>Tuuskintie 308, 49210 Pyht\u00e4\u00e4, FINLAND<\/p>\n\n\n\n<p><strong>Addresses to Cottages<\/strong>:<\/p>\n\n\n\n<p>Cottages 1-9: Tuuskintie 360, Pyht\u00e4\u00e4, Finland<\/p>\n\n\n\n<p>Cottages 15-19: Trollvikintie 90, Pyht\u00e4\u00e4, Finland<\/p>\n\n\n\n<p><strong>Contact person:&nbsp;<\/strong>Christian Rasi (finnish, english)<\/p>\n\n\n\n<p><strong>Phone (open 10-18):<\/strong> Reservations, invoicing, other info +358 400 650 677 <img loading=\"lazy\" decoding=\"async\" width=\"30\" height=\"30\" src=\"http:\/\/www.pyhtaanvuokramokit.fi\/wp-content\/uploads\/2018\/10\/viber.png\" alt=\"\">\u00a0<img loading=\"lazy\" decoding=\"async\" width=\"30\" height=\"30\" src=\"http:\/\/www.pyhtaanvuokramokit.fi\/wp-content\/uploads\/2018\/10\/whatsapp-1td7wtn.png\" alt=\"\"> <\/p>\n\n\n\n<p><strong>Emergency number (open 8-24):<\/strong> Problem situations in the cottage such as: Electricity, water outages. The phone number can be found in the cabin.&nbsp;<br><strong>E-mail:<\/strong>&nbsp;info(at)pyhtaanvuokramokit.fi<\/p>\n\n\n\n<p><strong>Payment methods:<\/strong>&nbsp;Bank transfer or Cash<\/p>\n\n\n\n<p><strong>Business ID:<\/strong> 0578524-9<\/p>\n","protected":false},"excerpt":{"rendered":"<p>PYHT\u00c4\u00c4N VUOKRAM\u00d6KIT KY Map of&nbsp; Cottages Office, only mail address:Hillerintie 3F, 49210 Huutj\u00e4rvi, FINLAND Info Board Visiting Address:Tuuskintie 308, 49210 Pyht\u00e4\u00e4, FINLAND Addresses to Cottages: Cottages 1-9: Tuuskintie 360, Pyht\u00e4\u00e4, Finland Cottages 15-19: Trollvikintie 90, Pyht\u00e4\u00e4, Finland Contact person:&nbsp;Christian Rasi (finnish, english) Phone (open 10-18): Reservations, invoicing, other info +358 400 650 677 \u00a0 Emergency [&hellip;]<\/p>\n","protected":false},"author":1,"featured_media":0,"parent":0,"menu_order":0,"comment_status":"closed","ping_status":"closed","template":"","meta":{"_acf_changed":false,"footnotes":""},"class_list":["post-11979","page","type-page","status-publish","hentry"],"translation":{"provider":"WPGlobus","version":"3.0.0","language":"en","enabled_languages":["fi","en"],"languages":{"fi":{"title":true,"content":true,"excerpt":false},"en":{"title":false,"content":true,"excerpt":false}}},"acf":[],"jetpack_sharing_enabled":true,"_links":{"self":[{"href":"https:\/\/www.pyhtaanvuokramokit.fi\/en\/wp-json\/wp\/v2\/pages\/11979","targetHints":{"allow":["GET"]}}],"collection":[{"href":"https:\/\/www.pyhtaanvuokramokit.fi\/en\/wp-json\/wp\/v2\/pages"}],"about":[{"href":"https:\/\/www.pyhtaanvuokramokit.fi\/en\/wp-json\/wp\/v2\/types\/page"}],"author":[{"embeddable":true,"href":"https:\/\/www.pyhtaanvuokramokit.fi\/en\/wp-json\/wp\/v2\/users\/1"}],"replies":[{"embeddable":true,"href":"https:\/\/www.pyhtaanvuokramokit.fi\/en\/wp-json\/wp\/v2\/comments?post=11979"}],"version-history":[{"count":10,"href":"https:\/\/www.pyhtaanvuokramokit.fi\/en\/wp-json\/wp\/v2\/pages\/11979\/revisions"}],"predecessor-version":[{"id":13023,"href":"https:\/\/www.pyhtaanvuokramokit.fi\/en\/wp-json\/wp\/v2\/pages\/11979\/revisions\/13023"}],"wp:attachment":[{"href":"https:\/\/www.pyhtaanvuokramokit.fi\/en\/wp-json\/wp\/v2\/media?parent=11979"}],"curies":[{"name":"wp","href":"https:\/\/api.w.org\/{rel}","templated":true}]}}