{"id":11338,"date":"2021-05-15T15:44:00","date_gmt":"2021-05-15T12:44:00","guid":{"rendered":"https:\/\/www.pyhtaanvuokramokit.fi\/?page_id=11338"},"modified":"2026-04-10T14:22:05","modified_gmt":"2026-04-10T11:22:05","slug":"aktiviteetit","status":"publish","type":"page","link":"https:\/\/www.pyhtaanvuokramokit.fi\/en\/aktiviteetit\/","title":{"rendered":"Aktiviteetit"},"content":{"rendered":"<p>[vc_row][vc_column][vc_column_text]<\/p>\n<h2 style=\"text-align: center;\"><span style=\"text-decoration: underline;\"><span style=\"color: #ff6600;\"><strong>Activities<\/strong><\/span><\/span><\/h2>\n<p style=\"text-align: center;\"><strong>NEW!<\/strong> Rental hot tub CUBE! The hot tub is for 10-12 people.<\/p>\n<p style=\"text-align: center;\"><strong>The price of the hot tub is 240 \u20ac\/weekend. 450 \u20ac\/week<\/strong>. <strong>220 \u20ac\/2 days. Special holidays + 30 \u20ac.<\/strong><\/p>\n<p style=\"text-align: center;\">Other times please ask separately. Pictures of the hot tub you find our website and Instagram.<\/p>\n<p style=\"text-align: center;\">Instructions for hot tub you find here: <a href=\"https:\/\/www.pyhtaanvuokramokit.fi\/wp-content\/uploads\/2026\/04\/Paljun-kayttoohje-2025-ENG.pdf\" target=\"_blank\" rel=\"noopener\">Paljun k\u00e4ytt\u00f6ohje 2025-ENG<\/a><\/p>\n<p style=\"text-align: center;\">We rent <strong>Row boats for 40 \u20ac \/ 2 days. 130 \u20ac \/ week.<\/strong> 2 days are minimum.<\/p>\n<p style=\"text-align: center;\">We rent <strong>SUP boards for 40 \u20ac \/ 2 days or 70 \u20ac \/ week.<\/strong> Other times as agreed.<\/p>\n<p style=\"text-align: center;\"><strong>Electric engines for boat (incl. engine, battery and charger) for rent 40 \u20ac \/ 2 days. \u20ac 70 \/ week.<\/strong><\/p>\n<p style=\"text-align: center;\"><strong>Extra Freezer for 50 \u20ac accommodation.\u00a0<\/strong><\/p>\n<p style=\"text-align: center;\">\u00a0Equipment rental is for a minimum of 2 days. Rental must be arranged when booking the cottage or by contacting us about availability.<\/p>\n<p style=\"text-align: center;\">Payment must be made before using the equipment. It is worth asking for instructions, which we will be happy to answer.<\/p>\n<p style=\"text-align: center;\">The Equipment is the responsibility of the renter for the entire rental period. Any breakages must be reported immediately. We reserve the right to change the prices.<\/p>\n<p style=\"text-align: center;\">Snowshoes are also coming for rent.<\/p>\n<p style=\"text-align: center;\">There are many activities in Pyht\u00e4\u00e4, Loviisa and Kotka. We have listed a few places as well as attractions.<\/p>\n<p style=\"text-align: center;\">More about our area can be found conveniently: <a href=\"https:\/\/www.visitkotkahamina.fi\/en\/visit-kotka-hamina-fi\/\">visitkotkahamina.fi<\/a><\/p>\n<p>[\/vc_column_text][\/vc_column][\/vc_row][vc_row][vc_column width=&#8221;1\/3&#8243;][vc_column_text]<\/p>\n<h2 style=\"text-align: center;\"><span style=\"text-decoration: underline; color: #ff6600;\"><strong>Pyht\u00e4\u00e4 region<\/strong><\/span><\/h2>\n<p style=\"text-align: center;\">Locals Saara and Janne have blogged about local attractions: <a href=\"https:\/\/kylat.blog\/2016\/07\/01\/kaikki-jutut\/\">Village Blog<\/a><\/p>\n<p style=\"text-align: center;\"><strong>Attractions<\/strong><\/p>\n<p style=\"text-align: center;\">An <a href=\"https:\/\/kylat.blog\/2018\/10\/16\/gamla-hinkabole-munapirtti\/\">old windmill<\/a> in Munapirtti, Hinkkab\u00f6le.<\/p>\n<p style=\"text-align: center;\">Lookout point &#8211; <a href=\"https:\/\/kylat.blog\/2016\/09\/02\/hogberget-munapirtti\/\">H\u00f6gberget<\/a> in Tuuskinkyl\u00e4.<\/p>\n<p style=\"text-align: center;\">Lookout &#8211; <a href=\"https:\/\/kylat.blog\/2016\/11\/06\/trollberget-hinkapyoli\/\">Trollberg<\/a> near the cottage area.<\/p>\n<p style=\"text-align: center;\"><strong>Aeronautica Exploration Arena\u00a0<\/strong><\/p>\n<p style=\"text-align: center;\">Offers lots of activities just 20 miles from the cottage area. Activities include an air tunnel, indoor surfing, a charter sauna, adventure flights, kayaking, karting and more. More you find in <a href=\"https:\/\/aeronautica.fi\/\">Auronautica<\/a> website.<\/p>\n<p style=\"text-align: center;\"><strong>Flakan\u00e4s Frisbee Golf Course (near cottages)<\/strong><\/p>\n<p style=\"text-align: center;\">An 18\u201321 fairway frisbee golf course will be built on the land owned by the Municipality of Pyht\u00e4\u00e4 and the private sector during the spring and summer of 2022. There are 3 lanes to Tuuskintie 360 \u200b\u200bnext to the cottage road and the rest of the lanes are located on the other side of Flakan\u00e4s, Tuuskintie. Flakan\u00e4s has a public beach and a caravan site.<\/p>\n<p style=\"text-align: center;\"><strong>Huutj\u00e4rvi Frisbee Golf Course<\/strong><\/p>\n<p style=\"text-align: center;\">Another Frisbee golf course can be found in Huutj\u00e4rvi. The 21-lane track is made of old gravel, which also has ski trails and a hockey rink in the winter. The address for the parking lot is: Rys\u00e4tie 21, Huutj\u00e4rvi.<\/p>\n<p style=\"text-align: center;\"><strong>Valkmusa National Park\u00a0<\/strong><\/p>\n<p style=\"text-align: center;\">Pyht\u00e4\u00e4&#8217;s only national park is located 27 kilometers from the cottage area. The address for the nearest car parks is the Simonsaari car park, Vastilantie 886, Pyht\u00e4\u00e4 (road no. 3562). The second parking area is the parking area at the end of Suolinnantie, Suolinnantie 740, Pyht\u00e4\u00e4.<\/p>\n<p style=\"text-align: center;\"><strong>Sea hotel M\u00e4ntyniemi<\/strong><\/p>\n<p style=\"text-align: center;\">Offers the only restaurant services on the island of Munapirtti. See more in <a href=\"http:\/\/www.hotelmantyniemi.com\/mantyniemi\/\">Sea hotel<\/a> website.<\/p>\n<p style=\"text-align: center;\"><strong>Cafes and restaurants<\/strong><\/p>\n<p style=\"text-align: center;\">\u00a0There are a few cafeterian nearby.<\/p>\n<p style=\"text-align: center;\">The village caf\u00e9 Onni can be found in Pyht\u00e4\u00e4 Kirkonkyl\u00e4 and Siltakyl\u00e4. Artists also perform at Siltakyl\u00e4 Culture House during the summer.<\/p>\n<p style=\"text-align: center;\">Cafe Sagitta can be found in Huutj\u00e4rvi L\u00f6k\u00f6re, where you will find Siltakyl\u00e4&#8217;s biggest Marina.<\/p>\n<p style=\"text-align: center;\">Club Bakkanaali is centrally located in Huutj\u00e4rvi. They provide food on weekdays from 11 a.m. to 5 p.m.<\/p>\n<p style=\"text-align: center;\">P\u00e4kki Pub is located in Purola, about 10 km from the cottage area. The pub serves local pizza and pub services.<\/p>\n<p>[\/vc_column_text][\/vc_column][vc_column width=&#8221;1\/3&#8243;][vc_column_text]<\/p>\n<h2 style=\"text-align: center;\"><span style=\"text-decoration: underline; color: #ff6600;\"><strong>Kotka<\/strong><\/span><\/h2>\n<p>[\/vc_column_text][\/vc_column][vc_column width=&#8221;1\/3&#8243;][vc_column_text]<\/p>\n<h2 style=\"text-align: center;\"><span style=\"text-decoration: underline;\"><span style=\"color: #ff6600;\"><strong>Loviisa<\/strong><\/span><\/span><\/h2>\n<p>[\/vc_column_text][\/vc_column][\/vc_row]<\/p>\n","protected":false},"excerpt":{"rendered":"<p>[vc_row][vc_column][vc_column_text] Activities NEW! Rental hot tub CUBE! The hot tub is for 10-12 people. The price of the hot tub is 240 \u20ac\/weekend. 450 \u20ac\/week. 220 \u20ac\/2 days. Special holidays + 30 \u20ac. Other times please ask separately. Pictures of the hot tub you find our website and Instagram. Instructions for hot tub you find [&hellip;]<\/p>\n","protected":false},"author":1,"featured_media":0,"parent":0,"menu_order":0,"comment_status":"closed","ping_status":"closed","template":"","meta":{"_acf_changed":false,"footnotes":""},"class_list":["post-11338","page","type-page","status-publish","hentry"],"translation":{"provider":"WPGlobus","version":"3.0.0","language":"en","enabled_languages":["fi","en"],"languages":{"fi":{"title":true,"content":true,"excerpt":false},"en":{"title":false,"content":true,"excerpt":false}}},"acf":[],"jetpack_sharing_enabled":true,"_links":{"self":[{"href":"https:\/\/www.pyhtaanvuokramokit.fi\/en\/wp-json\/wp\/v2\/pages\/11338","targetHints":{"allow":["GET"]}}],"collection":[{"href":"https:\/\/www.pyhtaanvuokramokit.fi\/en\/wp-json\/wp\/v2\/pages"}],"about":[{"href":"https:\/\/www.pyhtaanvuokramokit.fi\/en\/wp-json\/wp\/v2\/types\/page"}],"author":[{"embeddable":true,"href":"https:\/\/www.pyhtaanvuokramokit.fi\/en\/wp-json\/wp\/v2\/users\/1"}],"replies":[{"embeddable":true,"href":"https:\/\/www.pyhtaanvuokramokit.fi\/en\/wp-json\/wp\/v2\/comments?post=11338"}],"version-history":[{"count":46,"href":"https:\/\/www.pyhtaanvuokramokit.fi\/en\/wp-json\/wp\/v2\/pages\/11338\/revisions"}],"predecessor-version":[{"id":13696,"href":"https:\/\/www.pyhtaanvuokramokit.fi\/en\/wp-json\/wp\/v2\/pages\/11338\/revisions\/13696"}],"wp:attachment":[{"href":"https:\/\/www.pyhtaanvuokramokit.fi\/en\/wp-json\/wp\/v2\/media?parent=11338"}],"curies":[{"name":"wp","href":"https:\/\/api.w.org\/{rel}","templated":true}]}}